{"id":1383,"date":"2024-05-06T23:55:06","date_gmt":"2024-05-06T22:55:06","guid":{"rendered":"https:\/\/bistro-chezemile.fr\/?post_type=product&#038;p=1383"},"modified":"2025-11-18T18:36:41","modified_gmt":"2025-11-18T17:36:41","slug":"oeuf-cocotte-du-jour","status":"publish","type":"product","link":"https:\/\/bistro-chezemile.fr\/?product=oeuf-cocotte-du-jour","title":{"rendered":"Poivron marin\u00e9s, ch\u00e8vre r\u00f4ti, pignons de pins"},"content":{"rendered":"","protected":false},"excerpt":{"rendered":"","protected":false},"featured_media":0,"template":"","meta":[],"product_brand":[],"product_cat":[43],"product_tag":[],"class_list":{"0":"post-1383","1":"product","2":"type-product","3":"status-publish","5":"product_cat-entrees","7":"first","8":"instock","9":"shipping-taxable","10":"purchasable","11":"product-type-simple"},"_links":{"self":[{"href":"https:\/\/bistro-chezemile.fr\/index.php?rest_route=\/wp\/v2\/product\/1383","targetHints":{"allow":["GET"]}}],"collection":[{"href":"https:\/\/bistro-chezemile.fr\/index.php?rest_route=\/wp\/v2\/product"}],"about":[{"href":"https:\/\/bistro-chezemile.fr\/index.php?rest_route=\/wp\/v2\/types\/product"}],"wp:attachment":[{"href":"https:\/\/bistro-chezemile.fr\/index.php?rest_route=%2Fwp%2Fv2%2Fmedia&parent=1383"}],"wp:term":[{"taxonomy":"product_brand","embeddable":true,"href":"https:\/\/bistro-chezemile.fr\/index.php?rest_route=%2Fwp%2Fv2%2Fproduct_brand&post=1383"},{"taxonomy":"product_cat","embeddable":true,"href":"https:\/\/bistro-chezemile.fr\/index.php?rest_route=%2Fwp%2Fv2%2Fproduct_cat&post=1383"},{"taxonomy":"product_tag","embeddable":true,"href":"https:\/\/bistro-chezemile.fr\/index.php?rest_route=%2Fwp%2Fv2%2Fproduct_tag&post=1383"}],"curies":[{"name":"wp","href":"https:\/\/api.w.org\/{rel}","templated":true}]}}